{"id":11,"date":"2020-04-07T13:59:00","date_gmt":"2020-04-07T13:59:00","guid":{"rendered":"https:\/\/the7.io\/business-advisors\/?page_id=11"},"modified":"2025-12-05T16:54:04","modified_gmt":"2025-12-05T08:54:04","slug":"blog","status":"publish","type":"page","link":"https:\/\/catorx.com\/de\/blog\/","title":{"rendered":"Nachricht"},"content":{"rendered":"<div data-elementor-type=\"wp-page\" data-elementor-id=\"11\" class=\"elementor elementor-11\" data-elementor-post-type=\"page\">\n\t\t\t\t<div class=\"elementor-element elementor-element-791f0e8 e-flex e-con-boxed e-con e-parent\" data-id=\"791f0e8\" data-element_type=\"container\" data-e-type=\"container\" data-settings=\"{&quot;background_background&quot;:&quot;gradient&quot;}\">\n\t\t\t\t\t<div class=\"e-con-inner\">\n\t\t\t\t<div class=\"elementor-element elementor-element-f133232 elementor-widget elementor-widget-heading\" data-id=\"f133232\" data-element_type=\"widget\" data-e-type=\"widget\" data-widget_type=\"heading.default\">\n\t\t\t\t<div class=\"elementor-widget-container\">\n\t\t\t\t\t<h1 class=\"elementor-heading-title elementor-size-default\">Nachricht<\/h1>\t\t\t\t<\/div>\n\t\t\t\t<\/div>\n\t\t\t\t\t<\/div>\n\t\t\t\t<\/div>\n\t\t<div class=\"elementor-element elementor-element-425d345 e-flex e-con-boxed e-con e-parent\" data-id=\"425d345\" data-element_type=\"container\" data-e-type=\"container\">\n\t\t\t\t\t<div class=\"e-con-inner\">\n\t\t<div class=\"elementor-element elementor-element-20a4d77 e-con-full e-flex e-con e-child\" data-id=\"20a4d77\" data-element_type=\"container\" data-e-type=\"container\" data-settings=\"{&quot;background_background&quot;:&quot;classic&quot;}\">\n\t\t\t\t<div class=\"elementor-element elementor-element-c935783 img-align-mobile-top image-vertical-align-center image-vertical-align-tablet-start img-align-top icon-box-vertical-align-top preserve-img-ratio-cover slide-h-position-left elementor-widget elementor-widget-the7-elements-simple-posts\" data-id=\"c935783\" data-element_type=\"widget\" data-e-type=\"widget\" data-widget_type=\"the7-elements-simple-posts.default\">\n\t\t\t\t<div class=\"elementor-widget-container\">\n\t\t\t\t\t<div class=\"the7-simple-widget-posts the7-elementor-widget the7-elements-simple-posts-c935783\" data-post-limit=\"-1\" data-pagination-mode=\"standard\" data-scroll-offset=\"\">\t\t\t<div class=\"dt-css-grid custom-pagination-handler\" data-columns=\"{&quot;d&quot;:2,&quot;t&quot;:2,&quot;p&quot;:1,&quot;wd&quot;:&quot;&quot;}\">\n\t\t\t\t\t\t\t\t\t<div class=\"wf-cell visible\">\n\t\t\t\t\t\t<article class=\"post visible wrapper post-12694 type-post status-publish format-standard has-post-thumbnail hentry category-forklift\">\n\n\t\t\t\t\t\t\t<div class=\"post-content-wrapper\">\n\t\t\t\t\t\t\t\t\t\t\t\t\t\t\t\t\t<div class=\"the7-simple-post-thumb\">\n\t\t\t\t\t\t\t\t\t\t<a class=\"post-thumbnail-rollover layzr-bg img-css-resize-wrapper\" aria-label=\"Post image\" href=\"https:\/\/catorx.com\/de\/types-of-forklift-attachments-solutions-for-efficient-material-handling\/\"><img fetchpriority=\"high\" decoding=\"async\" width=\"1054\" height=\"1062\" src=\"data:image\/svg+xml,%3Csvg%20xmlns%3D&#039;http%3A%2F%2Fwww.w3.org%2F2000%2Fsvg&#039;%20viewBox%3D&#039;0%200%201054%201062&#039;%2F%3E\" class=\"attachment-full size-full preload-me aspect lazy lazy-load\" alt=\"Types of Forklift Attachments\" sizes=\"(max-width: 1054px) 100vw, 1054px\" style=\"--ratio: 1054 \/ 1062;\" data-src=\"https:\/\/catorx.com\/wp-content\/uploads\/2025\/12\/Types-of-Forklift-Attachments.jpg\" loading=\"eager\" data-srcset=\"https:\/\/catorx.com\/wp-content\/uploads\/2025\/12\/Types-of-Forklift-Attachments.jpg 1054w, https:\/\/catorx.com\/wp-content\/uploads\/2025\/12\/Types-of-Forklift-Attachments-298x300.jpg 298w, https:\/\/catorx.com\/wp-content\/uploads\/2025\/12\/Types-of-Forklift-Attachments-1016x1024.jpg 1016w, https:\/\/catorx.com\/wp-content\/uploads\/2025\/12\/Types-of-Forklift-Attachments-150x150.jpg 150w, https:\/\/catorx.com\/wp-content\/uploads\/2025\/12\/Types-of-Forklift-Attachments-768x774.jpg 768w, https:\/\/catorx.com\/wp-content\/uploads\/2025\/12\/Types-of-Forklift-Attachments-12x12.jpg 12w\" \/><span class=\"the7-hover-icon\"><\/span><\/a>\t\t\t\t\t\t\t\t\t<\/div>\n\t\t\t\t\t\t\t\t\t\t\t\t\t\t\t\t<div class=\"post-entry-content\">\n\t\t\t\t\t\t\t\t\t<h5 class=\"heading\"><a href=\"https:\/\/catorx.com\/de\/types-of-forklift-attachments-solutions-for-efficient-material-handling\/\" rel=\"bookmark\" title=\"Arten von Gabelstapleranbauger\u00e4ten: L\u00f6sungen f\u00fcr effizientes Materialhandling\" class=\"post-title\">Arten von Gabelstapleranbauger\u00e4ten: L\u00f6sungen f\u00fcr effizientes Materialhandling<\/a><\/h5><div class=\"entry-meta\"><span class=\"meta-item category-link\"><a href=\"https:\/\/catorx.com\/de\/category\/forklift\/\" rel=\"tag\">Gabelstapler<\/a><\/span><\/div>\t\t\t\t\t\t\t\t<\/div>\n\t\t\t\t\t\t\t<\/div>\n\t\t\t\t\t\t<\/article>\n\t\t\t\t\t<\/div>\t\t\t\t\t\t\t\t\t\t<div class=\"wf-cell visible\">\n\t\t\t\t\t\t<article class=\"post visible wrapper post-12661 type-post status-publish format-standard has-post-thumbnail hentry category-forklift\">\n\n\t\t\t\t\t\t\t<div class=\"post-content-wrapper\">\n\t\t\t\t\t\t\t\t\t\t\t\t\t\t\t\t\t<div class=\"the7-simple-post-thumb\">\n\t\t\t\t\t\t\t\t\t\t<a class=\"post-thumbnail-rollover layzr-bg img-css-resize-wrapper\" aria-label=\"Post image\" href=\"https:\/\/catorx.com\/de\/leading-forklift-players-driving-growth-through-innovation\/\"><img decoding=\"async\" width=\"718\" height=\"718\" src=\"data:image\/svg+xml,%3Csvg%20xmlns%3D&#039;http%3A%2F%2Fwww.w3.org%2F2000%2Fsvg&#039;%20viewBox%3D&#039;0%200%20718%20718&#039;%2F%3E\" class=\"attachment-full size-full preload-me aspect lazy lazy-load\" alt=\"4x4 All Terrain Forklift 3 Ton 4 Ton 5 Ton Good Quality Rough Terrain Forklift\" sizes=\"(max-width: 718px) 100vw, 718px\" style=\"--ratio: 718 \/ 718;\" data-src=\"https:\/\/catorx.com\/wp-content\/uploads\/2025\/06\/4x4-All-Terrain-Forklift-3-Ton-4-Ton-5-Ton-Good-Quality-Rough-Terrain-Forklift.jpg\" loading=\"eager\" data-srcset=\"https:\/\/catorx.com\/wp-content\/uploads\/2025\/06\/4x4-All-Terrain-Forklift-3-Ton-4-Ton-5-Ton-Good-Quality-Rough-Terrain-Forklift.jpg 718w, https:\/\/catorx.com\/wp-content\/uploads\/2025\/06\/4x4-All-Terrain-Forklift-3-Ton-4-Ton-5-Ton-Good-Quality-Rough-Terrain-Forklift-300x300.jpg 300w, https:\/\/catorx.com\/wp-content\/uploads\/2025\/06\/4x4-All-Terrain-Forklift-3-Ton-4-Ton-5-Ton-Good-Quality-Rough-Terrain-Forklift-150x150.jpg 150w\" \/><span class=\"the7-hover-icon\"><\/span><\/a>\t\t\t\t\t\t\t\t\t<\/div>\n\t\t\t\t\t\t\t\t\t\t\t\t\t\t\t\t<div class=\"post-entry-content\">\n\t\t\t\t\t\t\t\t\t<h5 class=\"heading\"><a href=\"https:\/\/catorx.com\/de\/leading-forklift-players-driving-growth-through-innovation\/\" rel=\"bookmark\" title=\"F\u00fchrende Gabelstaplerhersteller treiben Wachstum durch Innovation voran\" class=\"post-title\">F\u00fchrende Gabelstaplerhersteller treiben Wachstum durch Innovation voran<\/a><\/h5><div class=\"entry-meta\"><span class=\"meta-item category-link\"><a href=\"https:\/\/catorx.com\/de\/category\/forklift\/\" rel=\"tag\">Gabelstapler<\/a><\/span><\/div>\t\t\t\t\t\t\t\t<\/div>\n\t\t\t\t\t\t\t<\/div>\n\t\t\t\t\t\t<\/article>\n\t\t\t\t\t<\/div>\t\t\t\t\t\t\t\t\t\t<div class=\"wf-cell visible\">\n\t\t\t\t\t\t<article class=\"post visible wrapper post-12529 type-post status-publish format-standard has-post-thumbnail hentry category-forklift\">\n\n\t\t\t\t\t\t\t<div class=\"post-content-wrapper\">\n\t\t\t\t\t\t\t\t\t\t\t\t\t\t\t\t\t<div class=\"the7-simple-post-thumb\">\n\t\t\t\t\t\t\t\t\t\t<a class=\"post-thumbnail-rollover layzr-bg img-css-resize-wrapper\" aria-label=\"Post image\" href=\"https:\/\/catorx.com\/de\/chinas-top-forklift-manufacturers\/\"><img decoding=\"async\" width=\"700\" height=\"450\" src=\"data:image\/svg+xml,%3Csvg%20xmlns%3D&#039;http%3A%2F%2Fwww.w3.org%2F2000%2Fsvg&#039;%20viewBox%3D&#039;0%200%20700%20450&#039;%2F%3E\" class=\"attachment-full size-full preload-me aspect lazy lazy-load\" alt=\"\" sizes=\"(max-width: 700px) 100vw, 700px\" style=\"--ratio: 700 \/ 450;\" data-src=\"https:\/\/catorx.com\/wp-content\/uploads\/2025\/10\/forklift-blog1.png\" loading=\"eager\" data-srcset=\"https:\/\/catorx.com\/wp-content\/uploads\/2025\/10\/forklift-blog1.png 700w, https:\/\/catorx.com\/wp-content\/uploads\/2025\/10\/forklift-blog1-300x193.png 300w, https:\/\/catorx.com\/wp-content\/uploads\/2025\/10\/forklift-blog1-18x12.png 18w\" \/><span class=\"the7-hover-icon\"><\/span><\/a>\t\t\t\t\t\t\t\t\t<\/div>\n\t\t\t\t\t\t\t\t\t\t\t\t\t\t\t\t<div class=\"post-entry-content\">\n\t\t\t\t\t\t\t\t\t<h5 class=\"heading\"><a href=\"https:\/\/catorx.com\/de\/chinas-top-forklift-manufacturers\/\" rel=\"bookmark\" title=\"Chinas f\u00fchrende Gabelstaplerhersteller\" class=\"post-title\">Chinas f\u00fchrende Gabelstaplerhersteller<\/a><\/h5><div class=\"entry-meta\"><span class=\"meta-item category-link\"><a href=\"https:\/\/catorx.com\/de\/category\/forklift\/\" rel=\"tag\">Gabelstapler<\/a><\/span><\/div>\t\t\t\t\t\t\t\t<\/div>\n\t\t\t\t\t\t\t<\/div>\n\t\t\t\t\t\t<\/article>\n\t\t\t\t\t<\/div>\t\t\t\t\t\t\t\t<\/div>\n\t\t<\/div>\t\t\t\t<\/div>\n\t\t\t\t<\/div>\n\t\t\t\t<\/div>\n\t\t\t\t\t<\/div>\n\t\t\t\t<\/div>\n\t\t\t\t<\/div>","protected":false},"excerpt":{"rendered":"<p>News China\u2019s Top Forklift Manufacturers Forklift<\/p>","protected":false},"author":1,"featured_media":0,"parent":0,"menu_order":18,"comment_status":"closed","ping_status":"closed","template":"elementor_header_footer","meta":{"footnotes":""},"class_list":["post-11","page","type-page","status-publish","hentry"],"yoast_head":"<!-- This site is optimized with the Yoast SEO plugin v27.2 - https:\/\/yoast.com\/product\/yoast-seo-wordpress\/ -->\n<title>News - CatorX<\/title>\n<meta name=\"description\" content=\"Catorx is the top mini excavator e forklift manufacturer and supplier in China. We offer various models at competitive prices. Contact us today!\" \/>\n<meta name=\"robots\" content=\"index, follow, max-snippet:-1, max-image-preview:large, max-video-preview:-1\" \/>\n<link rel=\"canonical\" href=\"https:\/\/catorx.com\/de\/blog\/\" \/>\n<meta property=\"og:locale\" content=\"de_DE\" \/>\n<meta property=\"og:type\" content=\"article\" \/>\n<meta property=\"og:title\" content=\"News - CatorX\" \/>\n<meta property=\"og:description\" content=\"Catorx is the top mini excavator e forklift manufacturer and supplier in China. We offer various models at competitive prices. Contact us today!\" \/>\n<meta property=\"og:url\" content=\"https:\/\/catorx.com\/de\/blog\/\" \/>\n<meta property=\"og:site_name\" content=\"CatorX\" \/>\n<meta property=\"article:modified_time\" content=\"2025-12-05T08:54:04+00:00\" \/>\n<meta name=\"twitter:card\" content=\"summary_large_image\" \/>\n<meta name=\"twitter:label1\" content=\"Gesch\u00e4tzte Lesezeit\" \/>\n\t<meta name=\"twitter:data1\" content=\"1\u00a0Minute\" \/>\n<script type=\"application\/ld+json\" class=\"yoast-schema-graph\">{\"@context\":\"https:\/\/schema.org\",\"@graph\":[{\"@type\":\"WebPage\",\"@id\":\"https:\/\/catorx.com\/blog\/\",\"url\":\"https:\/\/catorx.com\/blog\/\",\"name\":\"News - CatorX\",\"isPartOf\":{\"@id\":\"https:\/\/catorx.com\/#website\"},\"datePublished\":\"2020-04-07T13:59:00+00:00\",\"dateModified\":\"2025-12-05T08:54:04+00:00\",\"description\":\"Catorx is the top mini excavator e forklift manufacturer and supplier in China. We offer various models at competitive prices. Contact us today!\",\"breadcrumb\":{\"@id\":\"https:\/\/catorx.com\/blog\/#breadcrumb\"},\"inLanguage\":\"de\",\"potentialAction\":[{\"@type\":\"ReadAction\",\"target\":[\"https:\/\/catorx.com\/blog\/\"]}]},{\"@type\":\"BreadcrumbList\",\"@id\":\"https:\/\/catorx.com\/blog\/#breadcrumb\",\"itemListElement\":[{\"@type\":\"ListItem\",\"position\":1,\"name\":\"Home\",\"item\":\"https:\/\/catorx.com\/\"},{\"@type\":\"ListItem\",\"position\":2,\"name\":\"News\"}]},{\"@type\":\"WebSite\",\"@id\":\"https:\/\/catorx.com\/#website\",\"url\":\"https:\/\/catorx.com\/\",\"name\":\"CatorX\",\"description\":\"\",\"publisher\":{\"@id\":\"https:\/\/catorx.com\/#organization\"},\"potentialAction\":[{\"@type\":\"SearchAction\",\"target\":{\"@type\":\"EntryPoint\",\"urlTemplate\":\"https:\/\/catorx.com\/?s={search_term_string}\"},\"query-input\":{\"@type\":\"PropertyValueSpecification\",\"valueRequired\":true,\"valueName\":\"search_term_string\"}}],\"inLanguage\":\"de\"},{\"@type\":\"Organization\",\"@id\":\"https:\/\/catorx.com\/#organization\",\"name\":\"CatorX\",\"url\":\"https:\/\/catorx.com\/\",\"logo\":{\"@type\":\"ImageObject\",\"inLanguage\":\"de\",\"@id\":\"https:\/\/catorx.com\/#\/schema\/logo\/image\/\",\"url\":\"https:\/\/catorx.com\/wp-content\/uploads\/2024\/12\/logo.png\",\"contentUrl\":\"https:\/\/catorx.com\/wp-content\/uploads\/2024\/12\/logo.png\",\"width\":400,\"height\":194,\"caption\":\"CatorX\"},\"image\":{\"@id\":\"https:\/\/catorx.com\/#\/schema\/logo\/image\/\"}}]}<\/script>\n<!-- \/ Yoast SEO plugin. -->","yoast_head_json":{"title":"News - CatorX","description":"Catorx is the top mini excavator e forklift manufacturer and supplier in China. We offer various models at competitive prices. Contact us today!","robots":{"index":"index","follow":"follow","max-snippet":"max-snippet:-1","max-image-preview":"max-image-preview:large","max-video-preview":"max-video-preview:-1"},"canonical":"https:\/\/catorx.com\/de\/blog\/","og_locale":"de_DE","og_type":"article","og_title":"News - CatorX","og_description":"Catorx is the top mini excavator e forklift manufacturer and supplier in China. We offer various models at competitive prices. Contact us today!","og_url":"https:\/\/catorx.com\/de\/blog\/","og_site_name":"CatorX","article_modified_time":"2025-12-05T08:54:04+00:00","twitter_card":"summary_large_image","twitter_misc":{"Gesch\u00e4tzte Lesezeit":"1\u00a0Minute"},"schema":{"@context":"https:\/\/schema.org","@graph":[{"@type":"WebPage","@id":"https:\/\/catorx.com\/blog\/","url":"https:\/\/catorx.com\/blog\/","name":"News - CatorX","isPartOf":{"@id":"https:\/\/catorx.com\/#website"},"datePublished":"2020-04-07T13:59:00+00:00","dateModified":"2025-12-05T08:54:04+00:00","description":"Catorx is the top mini excavator e forklift manufacturer and supplier in China. We offer various models at competitive prices. Contact us today!","breadcrumb":{"@id":"https:\/\/catorx.com\/blog\/#breadcrumb"},"inLanguage":"de","potentialAction":[{"@type":"ReadAction","target":["https:\/\/catorx.com\/blog\/"]}]},{"@type":"BreadcrumbList","@id":"https:\/\/catorx.com\/blog\/#breadcrumb","itemListElement":[{"@type":"ListItem","position":1,"name":"Home","item":"https:\/\/catorx.com\/"},{"@type":"ListItem","position":2,"name":"News"}]},{"@type":"WebSite","@id":"https:\/\/catorx.com\/#website","url":"https:\/\/catorx.com\/","name":"CatorX","description":"","publisher":{"@id":"https:\/\/catorx.com\/#organization"},"potentialAction":[{"@type":"SearchAction","target":{"@type":"EntryPoint","urlTemplate":"https:\/\/catorx.com\/?s={search_term_string}"},"query-input":{"@type":"PropertyValueSpecification","valueRequired":true,"valueName":"search_term_string"}}],"inLanguage":"de"},{"@type":"Organization","@id":"https:\/\/catorx.com\/#organization","name":"CatorX","url":"https:\/\/catorx.com\/","logo":{"@type":"ImageObject","inLanguage":"de","@id":"https:\/\/catorx.com\/#\/schema\/logo\/image\/","url":"https:\/\/catorx.com\/wp-content\/uploads\/2024\/12\/logo.png","contentUrl":"https:\/\/catorx.com\/wp-content\/uploads\/2024\/12\/logo.png","width":400,"height":194,"caption":"CatorX"},"image":{"@id":"https:\/\/catorx.com\/#\/schema\/logo\/image\/"}}]}},"_links":{"self":[{"href":"https:\/\/catorx.com\/de\/wp-json\/wp\/v2\/pages\/11","targetHints":{"allow":["GET"]}}],"collection":[{"href":"https:\/\/catorx.com\/de\/wp-json\/wp\/v2\/pages"}],"about":[{"href":"https:\/\/catorx.com\/de\/wp-json\/wp\/v2\/types\/page"}],"author":[{"embeddable":true,"href":"https:\/\/catorx.com\/de\/wp-json\/wp\/v2\/users\/1"}],"replies":[{"embeddable":true,"href":"https:\/\/catorx.com\/de\/wp-json\/wp\/v2\/comments?post=11"}],"version-history":[{"count":16,"href":"https:\/\/catorx.com\/de\/wp-json\/wp\/v2\/pages\/11\/revisions"}],"predecessor-version":[{"id":12654,"href":"https:\/\/catorx.com\/de\/wp-json\/wp\/v2\/pages\/11\/revisions\/12654"}],"wp:attachment":[{"href":"https:\/\/catorx.com\/de\/wp-json\/wp\/v2\/media?parent=11"}],"curies":[{"name":"wp","href":"https:\/\/api.w.org\/{rel}","templated":true}]}}